{"id":33,"date":"2022-10-02T16:22:20","date_gmt":"2022-10-02T14:22:20","guid":{"rendered":"https:\/\/test.web400242.server112.serverconfig.center\/?page_id=33"},"modified":"2022-10-02T17:26:06","modified_gmt":"2022-10-02T15:26:06","slug":"trail","status":"publish","type":"page","link":"https:\/\/www.trailmusic.de\/","title":{"rendered":"Youtube"},"content":{"rendered":"<iframe loading=\"lazy\"  style=\"display: block; margin: 0px auto;\"  id=\"_ytid_32360\"  width=\"717\" height=\"400\"  data-origwidth=\"717\" data-origheight=\"400\" src=\"https:\/\/www.youtube.com\/embed\/?enablejsapi=1&#038;listType=playlist&#038;list=UU4wK0HNwmL-mV22uNHl0pPA&#038;autoplay=0&#038;cc_load_policy=0&#038;iv_load_policy=3&#038;loop=0&#038;modestbranding=0&#038;fs=1&#038;playsinline=0&#038;controls=1&#038;color=red&#038;cc_lang_pref=&#038;rel=1&#038;autohide=2&#038;theme=dark&#038;\" class=\"__youtube_prefs__  no-lazyload\" title=\"YouTube player\"  allow=\"accelerometer; autoplay; clipboard-write; encrypted-media; gyroscope; picture-in-picture\" allowfullscreen data-no-lazy=\"1\" data-skipgform_ajax_framebjll=\"\"><\/iframe>\n\n\n<p><\/p>\n\n\n\n<hr class=\"wp-block-separator has-alpha-channel-opacity\"\/>\n\n\n\n<h2 class=\"wp-block-heading\">TRAIL<\/h2>\n\n\n\n<p class=\"has-text-align-center\">Weit drau\u00dfen in surreal anmutender, menschenleerer Ein\u00f6de geht ein getriebener seinen Weg. Ein Grollen in weiter Ferne. Druckwellen schieben sich \u00fcber den brennenden W\u00fcstensand. Sie dr\u00fccken die hei\u00dfe und staubige Luft in sein vom Leben gezeichnetes Angesicht. Die kurz darauf folgenden, m\u00e4chtigen B\u00e4sse zerren an seinem sich windenden K\u00f6rper und schieben ihn an den Rand \u2013 Den Rand seiner bisherigen, ziellosen und unbestimmten Existenz. Rei\u00dfende Gitarren erreichen seine sterbliche H\u00fclle von hinten, umfassen seinen geschundenen K\u00f6rper und heben ihn mit gemeinsamer Kraft empor in neue Sph\u00e4ren aus reinem, der alten Schule verfallenen Klang. Die lauten und treibenden Schl\u00e4ge der Drums, erzeugt im Zentrum seines Torsos, lassen ihn im Beat vibrieren und erzwingen einen nicht enden wollenden Tanz von atemberaubender Kraft und Eleganz. Von \u00fcberall dringen raue, doch melancholische Laute in sein tiefstes Inneres und gehen unter seine durch Erregung gespannte Haut. Die auf diese Weise erzeugten Schallwellen bringen ihn fast um den Verstand. Er windet sich im diffizilen, vom Blues und R\u00f6hren getriebenen, kreischenden Klang, vergisst die Zeit und auch den Ort um zur\u00fcck zu kommen in neuem Gewand. Befreiten Geistes, mit erhobenen Haupt, betritt er nun die neu errungenen Gefilde, ohne den aufreibenden und harten Sand. Er wurde Teil eines Ganzen, er hat erlebt was nur erfahren werden kann: TRAIL<\/p>\n","protected":false},"excerpt":{"rendered":"<p>TRAIL Weit drau\u00dfen in surreal anmutender, menschenleerer Ein\u00f6de geht ein getriebener seinen Weg. Ein Grollen in weiter Ferne. Druckwellen schieben sich \u00fcber den brennenden W\u00fcstensand. Sie dr\u00fccken die hei\u00dfe und staubige Luft in sein vom Leben gezeichnetes Angesicht. Die kurz darauf folgenden, m\u00e4chtigen B\u00e4sse zerren an seinem sich windenden K\u00f6rper und schieben ihn an den&#8230;<\/p>\n","protected":false},"author":1,"featured_media":0,"parent":0,"menu_order":0,"comment_status":"closed","ping_status":"closed","template":"","meta":{"footnotes":""},"class_list":["post-33","page","type-page","status-publish","hentry"],"yoast_head":"<!-- This site is optimized with the Yoast SEO plugin v19.7.1 - https:\/\/yoast.com\/wordpress\/plugins\/seo\/ -->\n<title>TRAIL | Psychedelic Spacerock Band from Darmstadt<\/title>\n<meta name=\"description\" content=\"TRAIL - Psychedelic Spacerock Band from Darmstadt | Achtung LAUT! Ab hier gibt&#039;s fette Gitarrenmusik mit treibendem Rhythmus und reichlich Groove.\" \/>\n<meta name=\"robots\" content=\"index, follow, max-snippet:-1, max-image-preview:large, max-video-preview:-1\" \/>\n<link rel=\"canonical\" href=\"https:\/\/www.trailmusic.de\/\" \/>\n<meta property=\"og:locale\" content=\"de_DE\" \/>\n<meta property=\"og:type\" content=\"article\" \/>\n<meta property=\"og:title\" content=\"TRAIL | Psychedelic Spacerock Band from Darmstadt\" \/>\n<meta property=\"og:description\" content=\"TRAIL - Psychedelic Spacerock Band from Darmstadt | Achtung LAUT! Ab hier gibt&#039;s fette Gitarrenmusik mit treibendem Rhythmus und reichlich Groove.\" \/>\n<meta property=\"og:url\" content=\"https:\/\/www.trailmusic.de\/\" \/>\n<meta property=\"og:site_name\" content=\"TRAIL | Psychedelic Spacerock\" \/>\n<meta property=\"article:publisher\" content=\"https:\/\/www.facebook.com\/trailart\" \/>\n<meta property=\"article:modified_time\" content=\"2022-10-02T15:26:06+00:00\" \/>\n<meta name=\"twitter:card\" content=\"summary_large_image\" \/>\n<meta name=\"twitter:label1\" content=\"Gesch\u00e4tzte Lesezeit\" \/>\n\t<meta name=\"twitter:data1\" content=\"2\u00a0Minuten\" \/>\n<script type=\"application\/ld+json\" class=\"yoast-schema-graph\">{\"@context\":\"https:\/\/schema.org\",\"@graph\":[{\"@type\":\"WebPage\",\"@id\":\"https:\/\/www.trailmusic.de\/\",\"url\":\"https:\/\/www.trailmusic.de\/\",\"name\":\"TRAIL | Psychedelic Spacerock Band from Darmstadt\",\"isPartOf\":{\"@id\":\"https:\/\/www.trailmusic.de\/#website\"},\"datePublished\":\"2022-10-02T14:22:20+00:00\",\"dateModified\":\"2022-10-02T15:26:06+00:00\",\"description\":\"TRAIL - Psychedelic Spacerock Band from Darmstadt | Achtung LAUT! Ab hier gibt's fette Gitarrenmusik mit treibendem Rhythmus und reichlich Groove.\",\"breadcrumb\":{\"@id\":\"https:\/\/www.trailmusic.de\/#breadcrumb\"},\"inLanguage\":\"de\",\"potentialAction\":[{\"@type\":\"ReadAction\",\"target\":[\"https:\/\/www.trailmusic.de\/\"]}]},{\"@type\":\"BreadcrumbList\",\"@id\":\"https:\/\/www.trailmusic.de\/#breadcrumb\",\"itemListElement\":[{\"@type\":\"ListItem\",\"position\":1,\"name\":\"Startseite\",\"item\":\"https:\/\/www.trailmusic.de\/\"},{\"@type\":\"ListItem\",\"position\":2,\"name\":\"Youtube\"}]},{\"@type\":\"WebSite\",\"@id\":\"https:\/\/www.trailmusic.de\/#website\",\"url\":\"https:\/\/www.trailmusic.de\/\",\"name\":\"TRAIL | Psychedelic Spacerock\",\"description\":\"Eine weitere WordPress-Website\",\"potentialAction\":[{\"@type\":\"SearchAction\",\"target\":{\"@type\":\"EntryPoint\",\"urlTemplate\":\"https:\/\/www.trailmusic.de\/?s={search_term_string}\"},\"query-input\":\"required name=search_term_string\"}],\"inLanguage\":\"de\"}]}<\/script>\n<!-- \/ Yoast SEO plugin. -->","yoast_head_json":{"title":"TRAIL | Psychedelic Spacerock Band from Darmstadt","description":"TRAIL - Psychedelic Spacerock Band from Darmstadt | Achtung LAUT! Ab hier gibt's fette Gitarrenmusik mit treibendem Rhythmus und reichlich Groove.","robots":{"index":"index","follow":"follow","max-snippet":"max-snippet:-1","max-image-preview":"max-image-preview:large","max-video-preview":"max-video-preview:-1"},"canonical":"https:\/\/www.trailmusic.de\/","og_locale":"de_DE","og_type":"article","og_title":"TRAIL | Psychedelic Spacerock Band from Darmstadt","og_description":"TRAIL - Psychedelic Spacerock Band from Darmstadt | Achtung LAUT! Ab hier gibt's fette Gitarrenmusik mit treibendem Rhythmus und reichlich Groove.","og_url":"https:\/\/www.trailmusic.de\/","og_site_name":"TRAIL | Psychedelic Spacerock","article_publisher":"https:\/\/www.facebook.com\/trailart","article_modified_time":"2022-10-02T15:26:06+00:00","twitter_card":"summary_large_image","twitter_misc":{"Gesch\u00e4tzte Lesezeit":"2\u00a0Minuten"},"schema":{"@context":"https:\/\/schema.org","@graph":[{"@type":"WebPage","@id":"https:\/\/www.trailmusic.de\/","url":"https:\/\/www.trailmusic.de\/","name":"TRAIL | Psychedelic Spacerock Band from Darmstadt","isPartOf":{"@id":"https:\/\/www.trailmusic.de\/#website"},"datePublished":"2022-10-02T14:22:20+00:00","dateModified":"2022-10-02T15:26:06+00:00","description":"TRAIL - Psychedelic Spacerock Band from Darmstadt | Achtung LAUT! Ab hier gibt's fette Gitarrenmusik mit treibendem Rhythmus und reichlich Groove.","breadcrumb":{"@id":"https:\/\/www.trailmusic.de\/#breadcrumb"},"inLanguage":"de","potentialAction":[{"@type":"ReadAction","target":["https:\/\/www.trailmusic.de\/"]}]},{"@type":"BreadcrumbList","@id":"https:\/\/www.trailmusic.de\/#breadcrumb","itemListElement":[{"@type":"ListItem","position":1,"name":"Startseite","item":"https:\/\/www.trailmusic.de\/"},{"@type":"ListItem","position":2,"name":"Youtube"}]},{"@type":"WebSite","@id":"https:\/\/www.trailmusic.de\/#website","url":"https:\/\/www.trailmusic.de\/","name":"TRAIL | Psychedelic Spacerock","description":"Eine weitere WordPress-Website","potentialAction":[{"@type":"SearchAction","target":{"@type":"EntryPoint","urlTemplate":"https:\/\/www.trailmusic.de\/?s={search_term_string}"},"query-input":"required name=search_term_string"}],"inLanguage":"de"}]}},"_links":{"self":[{"href":"https:\/\/www.trailmusic.de\/index.php?rest_route=\/wp\/v2\/pages\/33","targetHints":{"allow":["GET"]}}],"collection":[{"href":"https:\/\/www.trailmusic.de\/index.php?rest_route=\/wp\/v2\/pages"}],"about":[{"href":"https:\/\/www.trailmusic.de\/index.php?rest_route=\/wp\/v2\/types\/page"}],"author":[{"embeddable":true,"href":"https:\/\/www.trailmusic.de\/index.php?rest_route=\/wp\/v2\/users\/1"}],"replies":[{"embeddable":true,"href":"https:\/\/www.trailmusic.de\/index.php?rest_route=%2Fwp%2Fv2%2Fcomments&post=33"}],"version-history":[{"count":7,"href":"https:\/\/www.trailmusic.de\/index.php?rest_route=\/wp\/v2\/pages\/33\/revisions"}],"predecessor-version":[{"id":57,"href":"https:\/\/www.trailmusic.de\/index.php?rest_route=\/wp\/v2\/pages\/33\/revisions\/57"}],"wp:attachment":[{"href":"https:\/\/www.trailmusic.de\/index.php?rest_route=%2Fwp%2Fv2%2Fmedia&parent=33"}],"curies":[{"name":"wp","href":"https:\/\/api.w.org\/{rel}","templated":true}]}}